{"id":1822,"date":"2025-06-11T19:00:33","date_gmt":"2025-06-11T17:00:33","guid":{"rendered":"https:\/\/www.andresdiez.com\/politica-de-cookies\/"},"modified":"2025-06-13T18:27:15","modified_gmt":"2025-06-13T16:27:15","slug":"politica-de-cookies","status":"publish","type":"page","link":"https:\/\/www.andresdiez.com\/ca\/politica-de-cookies\/","title":{"rendered":"Pol\u00edtica de Cookies"},"content":{"rendered":"\t\t<div data-elementor-type=\"wp-page\" data-elementor-id=\"1822\" class=\"elementor elementor-1822 elementor-1497\" data-elementor-post-type=\"page\">\n\t\t\t\t<div class=\"elementor-element elementor-element-1b60e50f e-flex e-con-boxed e-con e-parent\" data-id=\"1b60e50f\" data-element_type=\"container\" data-e-type=\"container\" data-settings=\"{&quot;background_background&quot;:&quot;classic&quot;,&quot;shape_divider_bottom&quot;:&quot;split&quot;,&quot;jet_parallax_layout_list&quot;:[]}\">\n\t\t\t\t\t<div class=\"e-con-inner\">\n\t\t\t\t<div class=\"elementor-shape elementor-shape-bottom\" aria-hidden=\"true\" data-negative=\"false\">\n\t\t\t<svg xmlns=\"http:\/\/www.w3.org\/2000\/svg\" viewBox=\"0 0 1000 20\" preserveAspectRatio=\"none\">\n\t<path class=\"elementor-shape-fill\" d=\"M0,0v3c0,0,393.8,0,483.4,0c9.2,0,16.6,7.4,16.6,16.6c0-9.1,7.4-16.6,16.6-16.6C606.2,3,1000,3,1000,3V0H0z\"\/>\n<\/svg>\t\t<\/div>\n\t\t\t\t<div class=\"elementor-element elementor-element-5e9fb63 elementor-widget elementor-widget-heading\" data-id=\"5e9fb63\" data-element_type=\"widget\" data-e-type=\"widget\" data-widget_type=\"heading.default\">\n\t\t\t\t<div class=\"elementor-widget-container\">\n\t\t\t\t\t<h1 class=\"elementor-heading-title elementor-size-default\">Pol\u00edtica de Cookies<\/h1>\t\t\t\t<\/div>\n\t\t\t\t<\/div>\n\t\t\t\t\t<\/div>\n\t\t\t\t<\/div>\n\t\t<div class=\"elementor-element elementor-element-760e52df e-flex e-con-boxed e-con e-parent\" data-id=\"760e52df\" data-element_type=\"container\" data-e-type=\"container\" data-settings=\"{&quot;jet_parallax_layout_list&quot;:[]}\">\n\t\t\t\t\t<div class=\"e-con-inner\">\n\t\t\t\t<div class=\"elementor-element elementor-element-a1f1c5a elementor-widget elementor-widget-text-editor\" data-id=\"a1f1c5a\" data-element_type=\"widget\" data-e-type=\"widget\" data-widget_type=\"text-editor.default\">\n\t\t\t\t<div class=\"elementor-widget-container\">\n\t\t\t\t\t\t\t\t\t<strong>POLITICA DE COOKIES<\/strong>\n\nEn aquesta web s&#8217;utilitzen cookies de tercers i pr\u00f2pies per aconseguir que tinguis una millor experi\u00e8ncia de navegaci\u00f3, puguis compartir contingut en xarxes socials i perqu\u00e8 puguem obtenir estad\u00edstiques dels usuaris.\n\nPots evitar la desc\u00e0rrega de cookies a trav\u00e9s de la configuraci\u00f3 del teu navegador, evitant que les cookies s&#8217;emmagatzemin en el seu dispositiu.\n\nCom a propietari d&#8217;aquest lloc web, et comunico que no utilitzem cap informaci\u00f3 personal procedent de cookies, tan sols realitzem estad\u00edstiques generals de visites que no suposen cap informaci\u00f3 personal.\n\n\u00c9s molt important que llegeixis la present pol\u00edtica de cookies i comprenguis que, si continues navegant, considerarem que acceptes el seu \u00fas.\n\nSegons els termes inclosos en l \u201carticle 22.2 de la Llei 34\/2002 de Serveis de la Societat de la Informaci\u00f3 i Comer\u00e7 Electr\u00f2nic, si continues navegant, estar\u00e0s prestant el teu consentiment per a l\u201d ocupaci\u00f3 dels referits mecanismes.\n<h4><strong>ENTITAT RESPONSABLE<\/strong><\/h4>\nL&#8217;entitat responsable de la recollida, processament i utilitzaci\u00f3 de les teves dades personals, en el sentit establert per la Llei de Protecci\u00f3 de Dades Personals \u00e9s la p\u00e0gina  <a href=\"http:\/\/www.andresdiez.com\">www.andresdiez.com<\/a> <strong> <\/strong>, propietat del psic\u00f2leg ANDR\u00c9S D\u00cdEZ MORENO.\n<h4><strong>QU\u00c8 S\u00d3N LES COOKIES?<\/strong><\/h4>\nLes cookies s\u00f3n un conjunt de dades que un servidor diposita al navegador de l \u201cusuari per recollir la informaci\u00f3 de registre est\u00e0ndard d\u201d Internet i la informaci\u00f3 del comportament dels visitants en un lloc web. \u00c9s a dir, es tracta de petits arxius de text que queden emmagatzemats en el disc dur de l \u201cordinador i que serveixen per identificar l\u201d usuari quan es connecta novament al lloc web. El seu objectiu \u00e9s registrar la visita de l \u201cusuari i guardar certa informaci\u00f3. El seu \u00fas \u00e9s com\u00fa i freq\u00fcent a la web ja que permet a les p\u00e0gines funcionar de manera m\u00e9s eficient i aconseguir una major personalitzaci\u00f3 i an\u00e0lisi sobre el comportament de l\u201d usuari.   \n<h4><strong>QUINS TIPUS DE COOKIES EXISTEIXEN?<\/strong><\/h4>\nLes cookies utilitzades en el nostre lloc web, s\u00f3n de sessi\u00f3 i de tercers, i ens permeten emmagatzemar i accedir a informaci\u00f3 relativa a l \u201cidioma, el tipus de navegador utilitzat, i altres caracter\u00edstiques generals predefinides per l\u201d usuari, aix\u00ed com, seguir i analitzar l \u201cactivitat que duu a terme, amb l\u201d objecte d \u201cintroduir millores i prestar els nostres serveis d\u201d una manera m\u00e9s eficient i personalitzada.\n\nLes cookies, en funci\u00f3 de la seva perman\u00e8ncia, es poden dividir en cookies de sessi\u00f3 o permanents. Les que expiren quan l&#8217;usuari tanca el navegador. Les que expiren en funci\u00f3 de quan es compleixi l&#8217;objectiu per al qual serveixen (per exemple, perqu\u00e8 l&#8217;usuari es mantingui identificat en els serveis de www.andresdiez.com    <strong> <\/strong>o b\u00e9 quan s&#8217;esborran manualment.\t\t\t\t\t\t\t\t<\/div>\n\t\t\t\t<\/div>\n\t\t\t\t<div class=\"elementor-element elementor-element-e68b286 elementor-widget elementor-widget-text-editor\" data-id=\"e68b286\" data-element_type=\"widget\" data-e-type=\"widget\" data-widget_type=\"text-editor.default\">\n\t\t\t\t<div class=\"elementor-widget-container\">\n\t\t\t\t\t\t\t\t\t<h4>TIPUS DE COOKIES UTILITZADES EN AQUESTA WEB<\/h4>\n<h5>T\u00e8cniques i funcionals<\/h5>\n<table class=\"cookies-table\" border=\"1\" width=\"99%\" cellspacing=\"0\" cellpadding=\"0\">\n<tbody>\n<tr>\n<th width=\"15%\">Propietat<\/th>\n<th width=\"15%\">Cookie<\/th>\n<th>Finalitat<\/th>\n<th width=\"10%\">Durada<\/th>\n<\/tr>\n<tr>\n<td>&#8211;<\/td>\n<td>&#8211;<\/td>\n<td>&#8211;<\/td>\n<td>&#8211;<\/td>\n<\/tr>\n<tr>\n<td>\u2013<\/td>\n<td>\u2013<\/td>\n<td>\u2013<\/td>\n<td>\u2013<\/td>\n<\/tr>\n<\/tbody>\n<\/table>\n<h5>Anal\u00edtiques<\/h5>\n<table class=\"cookies-table\" border=\"1\" width=\"99%\" cellspacing=\"0\" cellpadding=\"0\">\n<tbody>\n<tr>\n<th width=\"15%\">Propietat<\/th>\n<th width=\"15%\">Cookie<\/th>\n<th>Finalitat<\/th>\n<th width=\"10%\">Durada<\/th>\n<\/tr>\n<tr>\n<td>Google<\/td>\n<td>\n_ga<\/td><td>ID utilitza per identificar els usuaris<\/td>\n<td>en 2 anys<\/td>\n<\/tr>\n<tr>\n<td>Google<\/td>\n<td>\n_gid<\/td><td>ID utilitza per identificar els usuaris durant 24 hores despr\u00e9s de l&#8217;\u00faltima activitat<\/td>\n<td>en 22 hores<\/td>\n<\/tr>\n<\/tbody>\n<\/table>\n<h5>Publicit\u00e0ries<\/h5>\n<table class=\"cookies-table\" border=\"1\" width=\"99%\" cellspacing=\"0\" cellpadding=\"0\">\n<tbody>\n<tr>\n<th width=\"15%\">Propietat<\/th>\n<th width=\"15%\">Cookie<\/th>\n<th>Finalitat<\/th>\n<th width=\"10%\">Durada<\/th>\n<\/tr>\n<tr>\n<td>\u2013<\/td>\n<td>\u2013<\/td>\n<td>\u2013<\/td>\n<td>\u2013<\/td>\n<\/tr>\n<\/tbody>\n<\/table>\n&nbsp;\t\t\t\t\t\t\t\t<\/div>\n\t\t\t\t<\/div>\n\t\t\t\t<div class=\"elementor-element elementor-element-ac9b385 elementor-widget elementor-widget-text-editor\" data-id=\"ac9b385\" data-element_type=\"widget\" data-e-type=\"widget\" data-widget_type=\"text-editor.default\">\n\t\t\t\t<div class=\"elementor-widget-container\">\n\t\t\t\t\t\t\t\t\t<p>Addicionalment, en funci\u00f3 del seu objectiu, les cookies poden classificar-se de la manera seg\u00fcent:<\/p><p><strong>COOKIES DE RENDIMENT<\/strong><\/p><p>Aquest tipus de Cookie recorda les seves prefer\u00e8ncies per a les eines que es troben en els serveis, per la qual cosa no ha de tornar a configurar el servei cada vegada que vost\u00e8 visita. A tall d&#8217; exemple, en aquesta tipologia s&#8217; inclouen: Ajustaments de volum de reproductors de v\u00eddeo o so. Les velocitats de transmissi\u00f3 de v\u00eddeo que siguin compatibles amb el seu navegador. Els objectes guardats en el &#8220;carret de la compra&#8221; en els serveis d&#8217;e-commerce com ara botigues.   <\/p><p><strong>COOKIES DE GEO-LOCALITZACI\u00d3<\/strong><\/p><p>Aquestes cookies s\u00f3n utilitzades per esbrinar en quin pa\u00eds es troba quan es demana un servei. Aquesta cookie \u00e9s totalment an\u00f2nima, i nom\u00e9s s&#8217;utilitza per ajudar a orientar el contingut a la seva ubicaci\u00f3. <\/p><p><strong>COOKIES DE REGISTRE<\/strong><\/p><p>Les cookies de registre es generen una vegada que l&#8217;usuari s&#8217;ha registrat o posteriorment ha obert la seva sessi\u00f3, i s&#8217;utilitzen per identificar-lo en els serveis amb els seg\u00fcents objectius:<\/p><p>Mantenir l \u201cusuari identificat de manera que, si tanca un servei, el navegador o l\u201d ordinador i en un altre moment o altre dia torna a entrar en aquest servei, seguir\u00e0 identificat, facilitant aix\u00ed la seva navegaci\u00f3 sense haver de tornar a identificar-se. Aquesta funcionalitat es pot suprimir si l \u201cusuari polsa la funcionalitat [tancar sessi\u00f3], de manera que aquesta cookie s\u201d elimina i la pr\u00f2xima vegada que entri en el servei l \u201cusuari haur\u00e0 d\u201d iniciar sessi\u00f3 per estar identificat. <\/p><p>Comprovar si l&#8217; usuari est\u00e0 autoritzat per accedir a certs serveis, per exemple, per participar en un concurs.<\/p><p>Addicionalment, alguns serveis poden utilitzar connectors amb xarxes socials com ara Facebook o Twitter. Quan l \u201cusuari es registra en un servei amb credencials d\u201d una xarxa social, autoritza la xarxa social a guardar una Cookie persistent que recorda la seva identitat i li garanteix acc\u00e9s als serveis fins que expira. L \u201cusuari pot esborrar aquesta Cookie i revocar l\u201d acc\u00e9s als serveis mitjan\u00e7ant xarxes socials actualitzant les seves prefer\u00e8ncies a la xarxa social que espec\u00edfica.  <\/p><p><strong>COOKIES D&#8217; ANAL\u00cdTIQUES<\/strong><\/p><p>Cada vegada que un usuari visita un servei, una eina d&#8217;un prove\u00efdor extern genera una cookie anal\u00edtica a l&#8217;ordinador de l&#8217;usuari. Aquesta cookie que nom\u00e9s es genera en la visita, servir\u00e0 en pr\u00f2ximes visites als serveis de per identificar de forma an\u00f2nima el visitant. Els objectius principals que es persegueixen s\u00f3n:  <\/p><p>Permetre la identificaci\u00f3 an\u00f2nima dels usuaris navegants a trav\u00e9s de la cookie (identifica navegadors i dispositius, no persones) i per tant la comptabilitzaci\u00f3 aproximada del nombre de visitants i la seva tend\u00e8ncia en el temps.<br>Identificar de forma an\u00f2nima els continguts m\u00e9s visitats i per tant m\u00e9s atractius per als usuaris Saber si l&#8217;usuari que est\u00e0 accedint \u00e9s nou o repeteix visita.<\/p><p><strong>Important:<\/strong> Llevat que l&#8217; usuari decideixi registrar-se en un servei de <a href=\"http:\/\/www.andresdiez.com\">www.andresdiez.com<\/a> <strong> <\/strong>, la cookie mai anir\u00e0 associada a cap dada de car\u00e0cter personal que pugui identificar-lo. Aquestes cookies nom\u00e9s seran utilitzades amb prop\u00f2sits estad\u00edstics que ajudin a l \u201coptimitzaci\u00f3 de l\u201d experi\u00e8ncia dels usuaris al lloc. <\/p><p><strong>COOKIES DE PUBLICITAT<\/strong><\/p><p>Aquest tipus de cookies permeten ampliar la informaci\u00f3 dels anuncis mostrats a cada usuari an\u00f2nim en els serveis de<strong> <\/strong><a href=\"http:\/\/www.andresdiez.com\">www.andresdiez.com<\/a> <strong> <\/strong>. Entre d \u201caltres, s\u201d emmagatzema la durada o freq\u00fc\u00e8ncia de visualitzaci\u00f3 de posicions publicit\u00e0ries, la interacci\u00f3 amb aquestes, o els patrons de navegaci\u00f3 i\/o comportaments de l \u201cusuari ja que ajuden a conformar un perfil d\u201d inter\u00e8s publicitari. D \u201caquesta manera, permeten oferir publicitat af\u00ed als interessos de l\u201d usuari. <\/p><p><strong>COOKIES PUBLICIT\u00c0RIES DE TERCERS<\/strong><\/p><p>A m\u00e9s de la publicitat gestionada pels webs dels seus serveis, les webs d \u201cofereixen als seus anunciants l\u201d opci\u00f3 de servir anuncis a trav\u00e9s de tercers (\u201cAd-Servers\u201d). D \u201caquesta manera, aquests tercers poden emmagatzemar cookies enviades des dels serveis dels navegadors dels usuaris, aix\u00ed com accedir a les dades que s\u201d hi guarden. <\/p><p>Les empreses que generen aquestes cookies tenen les seves pr\u00f2pies pol\u00edtiques de privacitat. En l&#8217;actualitat, les webs de la plataforma Doubleclick (Google) per gestionar aquests serveis. Per a m\u00e9s informaci\u00f3, acudeixi a  <\/p><p><a href=\"http:\/\/www.google.es\/policies\/privacy\/ads\/#toc-doubleclick\">http:\/\/www.google.es\/policies\/privacy\/ads\/#toc-doubleclick<\/a><\/p><p><a href=\"http:\/\/www.google.es\/policies\/privacy\/ads\/\">http:\/\/www.google.es\/policies\/privacy\/ads\/<\/a>.<\/p><p><strong>COM PUC DESHABILITAR LES COOKIES AL MEU NAVEGADOR?<\/strong><\/p><p>Es poden configurar els diferents navegadors per avisar l \u201cusuari de la recepci\u00f3 de cookies i, si es desitja, impedir la seva instal\u00b7laci\u00f3 a l\u201d equip. Aix\u00ed mateix, l \u201cusuari pot revisar en el seu navegador quines cookies t\u00e9 instal\u00b7lades i quin \u00e9s el termini de caducitat d\u201d aquestes, podent eliminar-les. <\/p><p>Per ampliar aquesta informaci\u00f3 consulteu les instruccions i manuals del seu navegador:<\/p><p>Per a m\u00e9s informaci\u00f3 sobre l&#8217;administraci\u00f3 de les cookies a Google<\/p><p><strong>Chrome<\/strong>: <a href=\"https:\/\/support.google.com\/chrome\/answer\/95647?hl=es\">https:\/\/support.google.com\/chrome\/answer\/95647?hl=es<\/a><\/p><p>Per a m\u00e9s informaci\u00f3 sobre l&#8217;administraci\u00f3 de les cookies a Internet<\/p><p><strong>Explorer<\/strong>: <a href=\"http:\/\/windows.microsoft.com\/es-es\/windows-vista\/cookies-frequently-asked-questions\">http:\/\/windows.microsoft.com\/es-es\/windows-vista\/cookies-frequently-asked-questions<\/a><\/p><p>Per a m\u00e9s informaci\u00f3 sobre l&#8217;administraci\u00f3 de les cookies a Mozilla<\/p><p><strong>Firefox<\/strong>: <a href=\"http:\/\/support.mozilla.org\/es\/kb\/habilitar-y-deshabilitar-cookies-que-los-sitios-we%20\">http:\/\/support.mozilla.org\/es\/kb\/habilitar-y-deshabilitar-cookies-que-los-sitios-we<\/a><\/p><p>Per a m\u00e9s informaci\u00f3 sobre l&#8217;administraci\u00f3 de les cookies en<\/p><p><strong>Safari<\/strong>: <a href=\"http:\/\/www.apple.com\/es\/privacy\/use-of-cookies\/%20\">http:\/\/www.apple.com\/es\/privacy\/use-of-cookies\/<\/a><\/p><p>Per a m\u00e9s informaci\u00f3 sobre l&#8217;administraci\u00f3 de les cookies en<\/p><p><strong>Opera<\/strong>: <a href=\"http:\/\/help.opera.com\/Windows\/11.50\/es-ES\/cookies.html\">http:\/\/help.opera.com\/Windows\/11.50\/es-ES\/cookies.html<\/a><\/p><p>Si desitja deixar de ser seguit per Google Analytics visiteu:<\/p><p><a href=\"http:\/\/tools.google.com\/dlpage\/gaoptout\">http:\/\/tools.google.com\/dlpage\/gaoptout<\/a><\/p><p><strong>Per saber m\u00e9s sobre les cookies<\/strong><\/p><p>Pot obtenir m\u00e9s informaci\u00f3 sobre la publicitat online basada en el comportament i la privacitat online en el seg\u00fcent enlla\u00e7:<\/p><p><a href=\"http:\/\/www.youronlinechoices.com\/es\/\">http:\/\/www.youronlinechoices.com\/es\/<\/a><\/p><p>Protecci\u00f3 de dades de Google Analytics:<\/p><p><a href=\"http:\/\/www.google.com\/analytics\/learn\/privacy.html\">http:\/\/www.google.com\/analytics\/learn\/privacy.html<\/a><\/p><p>Com fa servir Google Analytics les cookies:<\/p><p><a href=\"https:\/\/developers.google.com\/analytics\/devguides\/collection\/analyticsjs\/cookie-usage?hl=es#analyticsjs\">https:\/\/developers.google.com\/analytics\/devguides\/collection\/analyticsjs\/cookie-usage?hl=es#analyticsjs<\/a><\/p><h4><strong>ACTUALITZACIONS I CANVIS EN LA POL\u00cdTICA DE PRIVACITAT\/COOKIES<\/strong><\/h4><p>Les webs de poden modificar aquesta Pol\u00edtica de Cookies en funci\u00f3 d \u201cexig\u00e8ncies legislatives, reglament\u00e0ries, o amb la finalitat d\u201d adaptar aquesta pol\u00edtica a les instruccions dictades per l \u201cAg\u00e8ncia Espanyola de Protecci\u00f3 de Dades, per aix\u00f2 s\u201d aconsella als usuaris que la visitin peri\u00f2dicament.<\/p><p>Quan es produeixin canvis significatius en aquesta Pol\u00edtica de Cookies, aquests es comunicaran als usuaris b\u00e9 mitjan\u00e7ant la web o a trav\u00e9s de correu electr\u00f2nic als usuaris registrats.<\/p>\t\t\t\t\t\t\t\t<\/div>\n\t\t\t\t<\/div>\n\t\t\t\t\t<\/div>\n\t\t\t\t<\/div>\n\t\t\t\t<\/div>\n\t\t","protected":false},"excerpt":{"rendered":"<p>Pol\u00edtica de Cookies POLITICA DE COOKIES En aquesta web s&#8217;utilitzen cookies de tercers i pr\u00f2pies per aconseguir que tinguis una millor experi\u00e8ncia de navegaci\u00f3, puguis compartir contingut en xarxes socials i perqu\u00e8 puguem obtenir estad\u00edstiques dels usuaris. Pots evitar la desc\u00e0rrega de cookies a trav\u00e9s de la configuraci\u00f3 del teu navegador, evitant que les cookies [&hellip;]<\/p>\n","protected":false},"author":1,"featured_media":0,"parent":0,"menu_order":0,"comment_status":"closed","ping_status":"closed","template":"","meta":{"footnotes":""},"class_list":["post-1822","page","type-page","status-publish","hentry"],"yoast_head":"<!-- This site is optimized with the Yoast SEO plugin v27.3 - https:\/\/yoast.com\/product\/yoast-seo-wordpress\/ -->\n<title>Pol\u00edtica de Cookies &#8226; Andr\u00e9s D\u00edez, Psic\u00f2leg Esportiu<\/title>\n<meta name=\"description\" content=\"Informa \u201ct sobre l\u201d \u00fas de cookies en aquesta web: quins tipus fem servir, per a qu\u00e8 serveixen i com pots gestionar-les segons la normativa actual.\" \/>\n<meta name=\"robots\" content=\"noindex, follow\" \/>\n<meta property=\"og:locale\" content=\"ca_ES\" \/>\n<meta property=\"og:type\" content=\"article\" \/>\n<meta property=\"og:title\" content=\"Pol\u00edtica de Cookies &#8226; Andr\u00e9s D\u00edez, Psic\u00f2leg Esportiu\" \/>\n<meta property=\"og:description\" content=\"Informa \u201ct sobre l\u201d \u00fas de cookies en aquesta web: quins tipus fem servir, per a qu\u00e8 serveixen i com pots gestionar-les segons la normativa actual.\" \/>\n<meta property=\"og:url\" content=\"https:\/\/www.andresdiez.com\/ca\/politica-de-cookies\/\" \/>\n<meta property=\"og:site_name\" content=\"Andr\u00e9s D\u00edez\" \/>\n<meta property=\"article:modified_time\" content=\"2025-06-13T16:27:15+00:00\" \/>\n<meta property=\"og:image\" content=\"https:\/\/www.andresdiez.com\/wp-content\/uploads\/2025\/06\/portada-andresdiez.jpg\" \/>\n\t<meta property=\"og:image:width\" content=\"1200\" \/>\n\t<meta property=\"og:image:height\" content=\"675\" \/>\n\t<meta property=\"og:image:type\" content=\"image\/jpeg\" \/>\n<meta name=\"twitter:card\" content=\"summary_large_image\" \/>\n<meta name=\"twitter:label1\" content=\"Temps estimat de lectura\" \/>\n\t<meta name=\"twitter:data1\" content=\"8 minuts\" \/>\n<script type=\"application\/ld+json\" class=\"yoast-schema-graph\">{\"@context\":\"https:\\\/\\\/schema.org\",\"@graph\":[{\"@type\":\"WebPage\",\"@id\":\"https:\\\/\\\/www.andresdiez.com\\\/ca\\\/politica-de-cookies\\\/\",\"url\":\"https:\\\/\\\/www.andresdiez.com\\\/ca\\\/politica-de-cookies\\\/\",\"name\":\"Pol\u00edtica de Cookies &#8226; Andr\u00e9s D\u00edez, Psic\u00f2leg Esportiu\",\"isPartOf\":{\"@id\":\"https:\\\/\\\/www.andresdiez.com\\\/ca\\\/#website\"},\"datePublished\":\"2025-06-11T17:00:33+00:00\",\"dateModified\":\"2025-06-13T16:27:15+00:00\",\"description\":\"Informa \u201ct sobre l\u201d \u00fas de cookies en aquesta web: quins tipus fem servir, per a qu\u00e8 serveixen i com pots gestionar-les segons la normativa actual.\",\"breadcrumb\":{\"@id\":\"https:\\\/\\\/www.andresdiez.com\\\/ca\\\/politica-de-cookies\\\/#breadcrumb\"},\"inLanguage\":\"ca\",\"potentialAction\":[{\"@type\":\"ReadAction\",\"target\":[\"https:\\\/\\\/www.andresdiez.com\\\/ca\\\/politica-de-cookies\\\/\"]}]},{\"@type\":\"BreadcrumbList\",\"@id\":\"https:\\\/\\\/www.andresdiez.com\\\/ca\\\/politica-de-cookies\\\/#breadcrumb\",\"itemListElement\":[{\"@type\":\"ListItem\",\"position\":1,\"name\":\"Portada\",\"item\":\"https:\\\/\\\/www.andresdiez.com\\\/ca\\\/\"},{\"@type\":\"ListItem\",\"position\":2,\"name\":\"Pol\u00edtica de Cookies\"}]},{\"@type\":\"WebSite\",\"@id\":\"https:\\\/\\\/www.andresdiez.com\\\/ca\\\/#website\",\"url\":\"https:\\\/\\\/www.andresdiez.com\\\/ca\\\/\",\"name\":\"Andr\u00e9s D\u00edez\",\"description\":\"Psic\u00f3logo Deportivo\",\"publisher\":{\"@id\":\"https:\\\/\\\/www.andresdiez.com\\\/ca\\\/#\\\/schema\\\/person\\\/c06923caa3cece873b5415b54fbab9a6\"},\"potentialAction\":[{\"@type\":\"SearchAction\",\"target\":{\"@type\":\"EntryPoint\",\"urlTemplate\":\"https:\\\/\\\/www.andresdiez.com\\\/ca\\\/?s={search_term_string}\"},\"query-input\":{\"@type\":\"PropertyValueSpecification\",\"valueRequired\":true,\"valueName\":\"search_term_string\"}}],\"inLanguage\":\"ca\"},{\"@type\":[\"Person\",\"Organization\"],\"@id\":\"https:\\\/\\\/www.andresdiez.com\\\/ca\\\/#\\\/schema\\\/person\\\/c06923caa3cece873b5415b54fbab9a6\",\"name\":\"Andr\u00e9s D\u00edez\",\"image\":{\"@type\":\"ImageObject\",\"inLanguage\":\"ca\",\"@id\":\"https:\\\/\\\/www.andresdiez.com\\\/wp-content\\\/uploads\\\/2025\\\/05\\\/VERDE_P.png\",\"url\":\"https:\\\/\\\/www.andresdiez.com\\\/wp-content\\\/uploads\\\/2025\\\/05\\\/VERDE_P.png\",\"contentUrl\":\"https:\\\/\\\/www.andresdiez.com\\\/wp-content\\\/uploads\\\/2025\\\/05\\\/VERDE_P.png\",\"width\":432,\"height\":385,\"caption\":\"Andr\u00e9s D\u00edez\"},\"logo\":{\"@id\":\"https:\\\/\\\/www.andresdiez.com\\\/wp-content\\\/uploads\\\/2025\\\/05\\\/VERDE_P.png\"},\"sameAs\":[\"https:\\\/\\\/www.andresdiez.com\"]}]}<\/script>\n<!-- \/ Yoast SEO plugin. -->","yoast_head_json":{"title":"Pol\u00edtica de Cookies &#8226; Andr\u00e9s D\u00edez, Psic\u00f2leg Esportiu","description":"Informa \u201ct sobre l\u201d \u00fas de cookies en aquesta web: quins tipus fem servir, per a qu\u00e8 serveixen i com pots gestionar-les segons la normativa actual.","robots":{"index":"noindex","follow":"follow"},"og_locale":"ca_ES","og_type":"article","og_title":"Pol\u00edtica de Cookies &#8226; Andr\u00e9s D\u00edez, Psic\u00f2leg Esportiu","og_description":"Informa \u201ct sobre l\u201d \u00fas de cookies en aquesta web: quins tipus fem servir, per a qu\u00e8 serveixen i com pots gestionar-les segons la normativa actual.","og_url":"https:\/\/www.andresdiez.com\/ca\/politica-de-cookies\/","og_site_name":"Andr\u00e9s D\u00edez","article_modified_time":"2025-06-13T16:27:15+00:00","og_image":[{"width":1200,"height":675,"url":"https:\/\/www.andresdiez.com\/wp-content\/uploads\/2025\/06\/portada-andresdiez.jpg","type":"image\/jpeg"}],"twitter_card":"summary_large_image","twitter_misc":{"Temps estimat de lectura":"8 minuts"},"schema":{"@context":"https:\/\/schema.org","@graph":[{"@type":"WebPage","@id":"https:\/\/www.andresdiez.com\/ca\/politica-de-cookies\/","url":"https:\/\/www.andresdiez.com\/ca\/politica-de-cookies\/","name":"Pol\u00edtica de Cookies &#8226; Andr\u00e9s D\u00edez, Psic\u00f2leg Esportiu","isPartOf":{"@id":"https:\/\/www.andresdiez.com\/ca\/#website"},"datePublished":"2025-06-11T17:00:33+00:00","dateModified":"2025-06-13T16:27:15+00:00","description":"Informa \u201ct sobre l\u201d \u00fas de cookies en aquesta web: quins tipus fem servir, per a qu\u00e8 serveixen i com pots gestionar-les segons la normativa actual.","breadcrumb":{"@id":"https:\/\/www.andresdiez.com\/ca\/politica-de-cookies\/#breadcrumb"},"inLanguage":"ca","potentialAction":[{"@type":"ReadAction","target":["https:\/\/www.andresdiez.com\/ca\/politica-de-cookies\/"]}]},{"@type":"BreadcrumbList","@id":"https:\/\/www.andresdiez.com\/ca\/politica-de-cookies\/#breadcrumb","itemListElement":[{"@type":"ListItem","position":1,"name":"Portada","item":"https:\/\/www.andresdiez.com\/ca\/"},{"@type":"ListItem","position":2,"name":"Pol\u00edtica de Cookies"}]},{"@type":"WebSite","@id":"https:\/\/www.andresdiez.com\/ca\/#website","url":"https:\/\/www.andresdiez.com\/ca\/","name":"Andr\u00e9s D\u00edez","description":"Psic\u00f3logo Deportivo","publisher":{"@id":"https:\/\/www.andresdiez.com\/ca\/#\/schema\/person\/c06923caa3cece873b5415b54fbab9a6"},"potentialAction":[{"@type":"SearchAction","target":{"@type":"EntryPoint","urlTemplate":"https:\/\/www.andresdiez.com\/ca\/?s={search_term_string}"},"query-input":{"@type":"PropertyValueSpecification","valueRequired":true,"valueName":"search_term_string"}}],"inLanguage":"ca"},{"@type":["Person","Organization"],"@id":"https:\/\/www.andresdiez.com\/ca\/#\/schema\/person\/c06923caa3cece873b5415b54fbab9a6","name":"Andr\u00e9s D\u00edez","image":{"@type":"ImageObject","inLanguage":"ca","@id":"https:\/\/www.andresdiez.com\/wp-content\/uploads\/2025\/05\/VERDE_P.png","url":"https:\/\/www.andresdiez.com\/wp-content\/uploads\/2025\/05\/VERDE_P.png","contentUrl":"https:\/\/www.andresdiez.com\/wp-content\/uploads\/2025\/05\/VERDE_P.png","width":432,"height":385,"caption":"Andr\u00e9s D\u00edez"},"logo":{"@id":"https:\/\/www.andresdiez.com\/wp-content\/uploads\/2025\/05\/VERDE_P.png"},"sameAs":["https:\/\/www.andresdiez.com"]}]}},"_links":{"self":[{"href":"https:\/\/www.andresdiez.com\/ca\/wp-json\/wp\/v2\/pages\/1822","targetHints":{"allow":["GET"]}}],"collection":[{"href":"https:\/\/www.andresdiez.com\/ca\/wp-json\/wp\/v2\/pages"}],"about":[{"href":"https:\/\/www.andresdiez.com\/ca\/wp-json\/wp\/v2\/types\/page"}],"author":[{"embeddable":true,"href":"https:\/\/www.andresdiez.com\/ca\/wp-json\/wp\/v2\/users\/1"}],"replies":[{"embeddable":true,"href":"https:\/\/www.andresdiez.com\/ca\/wp-json\/wp\/v2\/comments?post=1822"}],"version-history":[{"count":0,"href":"https:\/\/www.andresdiez.com\/ca\/wp-json\/wp\/v2\/pages\/1822\/revisions"}],"wp:attachment":[{"href":"https:\/\/www.andresdiez.com\/ca\/wp-json\/wp\/v2\/media?parent=1822"}],"curies":[{"name":"wp","href":"https:\/\/api.w.org\/{rel}","templated":true}]}}